{"id":7497,"date":"2026-01-22T14:02:48","date_gmt":"2026-01-22T14:02:48","guid":{"rendered":"https:\/\/avselectronics.sviluppo.spherica.it\/fonctionnalite-reservee\/"},"modified":"2026-03-13T15:09:55","modified_gmt":"2026-03-13T15:09:55","slug":"fonctionnalite-reservee","status":"publish","type":"page","link":"https:\/\/avselectronics.sviluppo.spherica.it\/fr\/fonctionnalite-reservee\/","title":{"rendered":"Fonctionnalit\u00e9 r\u00e9serv\u00e9e"},"content":{"rendered":"\t\t<div data-elementor-type=\"wp-page\" data-elementor-id=\"7497\" class=\"elementor elementor-7497 elementor-7494\" data-elementor-post-type=\"page\">\n\t\t\t\t<div class=\"elementor-element elementor-element-348c19e e-flex e-con-boxed e-con e-parent\" data-id=\"348c19e\" data-element_type=\"container\" data-e-type=\"container\">\n\t\t\t\t\t<div class=\"e-con-inner\">\n\t\t<div class=\"elementor-element elementor-element-117e68e e-con-full e-flex e-con e-child\" data-id=\"117e68e\" data-element_type=\"container\" data-e-type=\"container\">\n\t\t\t\t<div class=\"elementor-element elementor-element-d56ce8b elementor-widget elementor-widget-heading\" data-id=\"d56ce8b\" data-element_type=\"widget\" data-e-type=\"widget\" data-widget_type=\"heading.default\">\n\t\t\t\t\t<h2 class=\"elementor-heading-title elementor-size-default\">\u00cates-vous installateur ?<\/h2>\t\t\t\t<\/div>\n\t\t\t\t<div class=\"elementor-element elementor-element-5f1a648 elementor-widget elementor-widget-text-editor\" data-id=\"5f1a648\" data-element_type=\"widget\" data-e-type=\"widget\" data-widget_type=\"text-editor.default\">\n\t\t\t\t\t\t\t\t\t<div class=\"elementor-element elementor-element-feaee93 elementor-widget elementor-widget-text-editor\" data-id=\"feaee93\" data-element_type=\"widget\" data-e-type=\"widget\" data-widget_type=\"text-editor.default\"><h5 data-start=\"497\" data-end=\"534\"><strong>Acc\u00e9dez \u00e0 l\u2019Espace Technique R\u00e9serv\u00e9<\/strong><\/h5><p data-start=\"536\" data-end=\"639\">Inscrivez-vous pour consulter et t\u00e9l\u00e9charger toute la documentation professionnelle d\u00e9di\u00e9e aux installateurs. L\u2019acc\u00e8s est r\u00e9serv\u00e9 aux professionnels du secteur et permet de travailler toujours avec des outils officiels et \u00e0 jour. <\/p><\/div>\t\t\t\t\t\t\t\t<\/div>\n\t\t\t\t<div class=\"elementor-element elementor-element-b9593a2 elementor-widget elementor-widget-button\" data-id=\"b9593a2\" data-element_type=\"widget\" data-e-type=\"widget\" data-widget_type=\"button.default\">\n\t\t\t\t\t\t\t\t\t\t<a class=\"elementor-button elementor-button-link elementor-size-sm\" href=\"https:\/\/avselectronics.sviluppo.spherica.it\/fr\/sinscrire\/\">\n\t\t\t\t\t\t<span class=\"elementor-button-content-wrapper\">\n\t\t\t\t\t\t\t\t\t<span class=\"elementor-button-text\">Inscrivez-vous maintenant<\/span>\n\t\t\t\t\t<\/span>\n\t\t\t\t\t<\/a>\n\t\t\t\t\t\t\t\t<\/div>\n\t\t\t\t<div class=\"elementor-element elementor-element-829898a elementor-widget elementor-widget-text-editor\" data-id=\"829898a\" data-element_type=\"widget\" data-e-type=\"widget\" data-widget_type=\"text-editor.default\">\n\t\t\t\t\t\t\t\t\t<div class=\"elementor-element elementor-element-feaee93 elementor-widget elementor-widget-text-editor\" data-id=\"feaee93\" data-element_type=\"widget\" data-e-type=\"widget\" data-widget_type=\"text-editor.default\"><p data-start=\"974\" data-end=\"1008\">Vous avez d\u00e9j\u00e0 un compte ? <a href=\"https:\/\/avselectronics.sviluppo.spherica.it\/fr\/se-connecter\/\"><strong data-start=\"994\" data-end=\"1008\">Connectez-vous ici<\/strong><\/a><\/p><\/div>\t\t\t\t\t\t\t\t<\/div>\n\t\t\t\t<\/div>\n\t\t<div class=\"elementor-element elementor-element-fc7ea06 e-con-full e-flex e-con e-child\" data-id=\"fc7ea06\" data-element_type=\"container\" data-e-type=\"container\">\n\t\t\t\t<div class=\"elementor-element elementor-element-b2c6a43 elementor-widget elementor-widget-heading\" data-id=\"b2c6a43\" data-element_type=\"widget\" data-e-type=\"widget\" data-widget_type=\"heading.default\">\n\t\t\t\t\t<h2 class=\"elementor-heading-title elementor-size-default\">\u00cates-vous un utilisateur priv\u00e9 ?<\/h2>\t\t\t\t<\/div>\n\t\t\t\t<div class=\"elementor-element elementor-element-c83e152 elementor-widget elementor-widget-text-editor\" data-id=\"c83e152\" data-element_type=\"widget\" data-e-type=\"widget\" data-widget_type=\"text-editor.default\">\n\t\t\t\t\t\t\t\t\t<div class=\"elementor-element elementor-element-feaee93 elementor-widget elementor-widget-text-editor\" data-id=\"feaee93\" data-element_type=\"widget\" data-e-type=\"widget\" data-widget_type=\"text-editor.default\"><h5 data-start=\"497\" data-end=\"534\"><strong>T\u00e9l\u00e9chargez les manuels de votre produit<\/strong><\/h5><p data-start=\"536\" data-end=\"639\">Cr\u00e9ez votre compte pour acc\u00e9der aux manuels d\u2019utilisation des produits que vous avez achet\u00e9s.<\/p><\/div>\t\t\t\t\t\t\t\t<\/div>\n\t\t\t\t<div class=\"elementor-element elementor-element-e98ff93 elementor-widget elementor-widget-shortcode\" data-id=\"e98ff93\" data-element_type=\"widget\" data-e-type=\"widget\" data-widget_type=\"shortcode.default\">\n\t\t\t\t\t\t\t<div class=\"elementor-shortcode\">\n<div class=\"um um-register um-13560\">\n\t<div class=\"um-form\" data-mode=\"register\">\n\t\t<form method=\"post\" action=\"\">\n\t\t\t<div class=\"um-row _um_row_1 \" style=\"margin: 0 0 30px 0;\"><div class=\"um-col-121\"><div  id=\"um_field_13560_first_name\" class=\"um-field um-field-text  um-field-first_name um-field-text um-field-type_text\" data-key=\"first_name\"><div class=\"um-field-label\"><label for=\"first_name-13560\">Name<\/label><div class=\"um-clear\"><\/div><\/div><div class=\"um-field-area\"><input  autocomplete=\"off\" class=\"um-form-field valid not-required \" type=\"text\" name=\"first_name-13560\" id=\"first_name-13560\" value=\"\" placeholder=\"\" data-validate=\"\" data-key=\"first_name\"  aria-invalid=\"false\" \/>\n\n\t\t\t\t\t\t<\/div><\/div><div  id=\"um_field_13560_username\" class=\"um-field um-field-text  um-field-username um-field-text um-field-type_text\" data-key=\"username\"><div class=\"um-field-label\"><label for=\"username-13560\">Nom d\u2019utilisateur ou adresse e-mail<span class=\"um-req\" title=\"Obligatoire\">*<\/span><\/label><div class=\"um-clear\"><\/div><\/div><div class=\"um-field-area\"><input  autocomplete=\"off\" class=\"um-form-field valid \" type=\"text\" name=\"username-13560\" id=\"username-13560\" value=\"\" placeholder=\"\" data-validate=\"\" data-key=\"username\"  aria-invalid=\"false\" \/>\n\n\t\t\t\t\t\t<\/div><\/div><\/div><div class=\"um-col-122\"><div  id=\"um_field_13560_last_name\" class=\"um-field um-field-text  um-field-last_name um-field-text um-field-type_text\" data-key=\"last_name\"><div class=\"um-field-label\"><label for=\"last_name-13560\">Nom de famille<\/label><div class=\"um-clear\"><\/div><\/div><div class=\"um-field-area\"><input  autocomplete=\"off\" class=\"um-form-field valid not-required \" type=\"text\" name=\"last_name-13560\" id=\"last_name-13560\" value=\"\" placeholder=\"\" data-validate=\"\" data-key=\"last_name\"  aria-invalid=\"false\" \/>\n\n\t\t\t\t\t\t<\/div><\/div><div  id=\"um_field_13560_phone_number\" class=\"um-field um-field-tel  um-field-phone_number um-field-tel um-field-type_tel\" data-key=\"phone_number\"><div class=\"um-field-label\"><div class=\"um-field-label-icon\"><i class=\"fas fa-phone\" aria-label=\"Phone Number\"><\/i><\/div><label for=\"phone_number-13560\">Num\u00e9ro de t\u00e9l\u00e9phone<\/label><div class=\"um-clear\"><\/div><\/div><div class=\"um-field-area\"><input  autocomplete=\"off\" class=\"um-form-field valid \" type=\"tel\" name=\"phone_number-13560\" id=\"phone_number-13560\" value=\"\" placeholder=\"\" data-validate=\"phone_number\" data-key=\"phone_number\"  aria-invalid=\"false\" \/>\n\n\t\t\t\t\t\t<\/div><\/div><\/div><div class=\"um-clear\"><\/div><\/div><div class=\"um-row _um_row_2 \" style=\"padding: 0px 0px 0px 0px;margin: 0px 0px 30px 0px;border-width: 0px 0px 0px 0px;border-style: solid;border-radius: 0px;\"><div class=\"um-col-1\"><div  id=\"um_field_13560_informativa-gdpr\" class=\"um-field um-field-checkbox  um-field-informativa-gdpr um-field-checkbox um-field-type_checkbox\" data-key=\"informativa-gdpr\"  aria-invalid=\"false\" ><div class=\"um-field-area\"><label class=\"um-field-checkbox  um-field-half \"><input   type=\"checkbox\" name=\"informativa-gdpr[]\" value=\"J\u2019ai lu les conditions g\u00e9n\u00e9rales de la newsletter Informations ex art. 13 GDPR*\"  \/><span class=\"um-field-checkbox-state\"><i class=\"um-icon-android-checkbox-outline-blank\"><\/i><\/span><span class=\"um-field-checkbox-option\">J\u2019ai lu les conditions g\u00e9n\u00e9rales de la newsletter Informations ex art. 13 GDPR*<\/span><\/label><div class=\"um-clear\"><\/div><\/div><\/div><div  id=\"um_field_13560_consenso_marketing\" class=\"um-field um-field-checkbox  um-field-consenso_marketing um-field-checkbox um-field-type_checkbox\" data-key=\"consenso_marketing\"  aria-invalid=\"false\" ><div class=\"um-field-area\"><label class=\"um-field-checkbox  um-field-half \"><input   type=\"checkbox\" name=\"consenso_marketing[]\" value=\"J\u2019accepte de recevoir des informations commerciales et promotionnelles \u00e0 des fins de marketing et d\u2019\u00e9tudes de march\u00e9\"  \/><span class=\"um-field-checkbox-state\"><i class=\"um-icon-android-checkbox-outline-blank\"><\/i><\/span><span class=\"um-field-checkbox-option\">J\u2019accepte de recevoir des informations commerciales et promotionnelles \u00e0 des fins de marketing et d\u2019\u00e9tudes de march\u00e9<\/span><\/label><div class=\"um-clear\"><\/div><\/div><\/div><div  id=\"um_field_13560_consenso_marketing_21\" class=\"um-field um-field-checkbox  um-field-consenso_marketing_21 um-field-checkbox um-field-type_checkbox\" data-key=\"consenso_marketing_21\"  aria-invalid=\"false\" ><div class=\"um-field-area\"><label class=\"um-field-checkbox  um-field-half \"><input   type=\"checkbox\" name=\"consenso_marketing_21[]\" value=\"J\u2019accepte de recevoir des informations \u00e0 des fins d\u2019\u00e9tudes de march\u00e9\"  \/><span class=\"um-field-checkbox-state\"><i class=\"um-icon-android-checkbox-outline-blank\"><\/i><\/span><span class=\"um-field-checkbox-option\">J\u2019accepte de recevoir des informations \u00e0 des fins d\u2019\u00e9tudes de march\u00e9<\/span><\/label><div class=\"um-clear\"><\/div><\/div><\/div><\/div><\/div>\t<input type=\"hidden\" name=\"form_id\" id=\"form_id_13560\" value=\"13560\" \/>\n\t\t<p class=\"um_request_name\">\n\t\t<label for=\"um_request_13560\">Only fill in if you are not human<\/label>\n\t\t<input type=\"hidden\" name=\"um_request\" id=\"um_request_13560\" class=\"input\" value=\"\" size=\"25\" autocomplete=\"off\" \/>\n\t<\/p>\n\t<input type=\"hidden\" id=\"_wpnonce\" name=\"_wpnonce\" value=\"1c22be2e01\" \/><input type=\"hidden\" name=\"_wp_http_referer\" value=\"\/fr\/wp-json\/wp\/v2\/pages\/7497\" \/>\n\t<div class=\"um-col-alt\">\n\n\t\t\n\t\t\t<div class=\"um-center\">\n\t\t\t\t<input type=\"submit\" value=\"Registre\" class=\"um-button\" id=\"um-submit-btn\" \/>\n\t\t\t<\/div>\n\n\t\t\n\t\t<div class=\"um-clear\"><\/div>\n\n\t<\/div>\n\n\t\t\t<\/form>\n\t<\/div>\n<\/div>\n<style>\n\t\t\t.um-13560.um {\n\t\t\tmax-width: 450px;\n\t\t}\n\t\t<\/style>\n\n\n<\/div>\n\t\t\t\t\t\t<\/div>\n\t\t\t\t<div class=\"elementor-element elementor-element-2bce03a elementor-widget-divider--view-line elementor-widget elementor-widget-divider\" data-id=\"2bce03a\" data-element_type=\"widget\" data-e-type=\"widget\" data-widget_type=\"divider.default\">\n\t\t\t\t\t\t\t<div class=\"elementor-divider\">\n\t\t\t<span class=\"elementor-divider-separator\">\n\t\t\t\t\t\t<\/span>\n\t\t<\/div>\n\t\t\t\t\t\t<\/div>\n\t\t\t\t<div class=\"elementor-element elementor-element-447ce37 elementor-widget elementor-widget-heading\" data-id=\"447ce37\" data-element_type=\"widget\" data-e-type=\"widget\" data-widget_type=\"heading.default\">\n\t\t\t\t\t<h2 class=\"elementor-heading-title elementor-size-default\">\u00cates-vous d\u00e9j\u00e0 inscrit(e) ?<\/h2>\t\t\t\t<\/div>\n\t\t\t\t<div class=\"elementor-element elementor-element-6f5df83 elementor-widget elementor-widget-text-editor\" data-id=\"6f5df83\" data-element_type=\"widget\" data-e-type=\"widget\" data-widget_type=\"text-editor.default\">\n\t\t\t\t\t\t\t\t\t<p>Saisissez l&#8217;adresse e-mail que vous avez utilis\u00e9e pour vous inscrire.<\/p>\t\t\t\t\t\t\t\t<\/div>\n\t\t\t\t<div class=\"elementor-element elementor-element-8016605 elementor-widget elementor-widget-shortcode\" data-id=\"8016605\" data-element_type=\"widget\" data-e-type=\"widget\" data-widget_type=\"shortcode.default\">\n\t\t\t\t\t\t\t<div class=\"elementor-shortcode\">\t<div id=\"magic-login-shortcode\">\n\t\t<div class=\"magic-login-form-header\">\n\t\t\t<p class=\"message\">Veuillez saisir votre nom d'utilisateur ou votre adresse \u00e9lectronique. Vous recevrez un message \u00e9lectronique pour vous connecter.<\/p>\t\t<\/div>\n\t\t\t\t\t<form name=\"magicloginform\"\n\t\t\t\t  class=\"magic-login-inline-login-form \"\n\t\t\t\t  id=\"magicloginform\"\n\t\t\t\t  action=\"\"\n\t\t\t\t  method=\"post\"\n\t\t\t\t  autocomplete=\"off\"\n\t\t\t\t  data-ajax-url=\"https:\/\/avselectronics.sviluppo.spherica.it\/wp-admin\/admin-ajax.php\"\n\t\t\t\t  data-ajax-spinner=\"https:\/\/avselectronics.sviluppo.spherica.it\/wp-admin\/images\/spinner.gif\"\n\t\t\t\t  data-ajax-sending-msg=\"Sending...\"\n\t\t\t>\n\n\t\t\t\t\t\t\t\t\t<label for=\"user_login\">Identifiant ou adresse de messagerie<\/label>\n\t\t\t\t\t\t\t\t<input type=\"text\" name=\"log\" id=\"user_login\" class=\"input\" value=\"\" size=\"20\" autocapitalize=\"off\" autocomplete=\"username\" required \/>\n\t\t\t\t\t\t\t\t\t\t\t\t\t<input type=\"hidden\" name=\"redirect_to\" value=\"https:\/\/avselectronics.sviluppo.spherica.it\/fr\/wp-json\/wp\/v2\/pages\/7497\" \/>\n\t\t\t\t\t\t\t\t<input type=\"hidden\" name=\"testcookie\" value=\"1\" \/>\n\t\t\t\t\t\t\t\t<input type=\"submit\" name=\"wp-submit\" id=\"wp-submit\" class=\"magic-login-submit button button-primary button-large\" value=\"Envoyez-moi un lien\" \/>\n\t\t\t<\/form>\n\t\t\t<\/div>\n\t<\/div>\n\t\t\t\t\t\t<\/div>\n\t\t\t\t<\/div>\n\t\t\t\t\t<\/div>\n\t\t\t\t<\/div>\n\t\t\t\t<\/div>\n\t\t","protected":false},"excerpt":{"rendered":"<p>\u00cates-vous installateur ? Acc\u00e9dez \u00e0 l\u2019Espace Technique R\u00e9serv\u00e9 Inscrivez-vous pour consulter et t\u00e9l\u00e9charger toute la documentation professionnelle d\u00e9di\u00e9e aux installateurs. L\u2019acc\u00e8s est r\u00e9serv\u00e9 aux professionnels du secteur et permet de travailler toujours avec des outils officiels et \u00e0 jour. Inscrivez-vous maintenant Vous avez d\u00e9j\u00e0 un compte ? Connectez-vous ici \u00cates-vous un utilisateur priv\u00e9 ? T\u00e9l\u00e9chargez [&hellip;]<\/p>\n","protected":false},"author":2,"featured_media":1302,"parent":0,"menu_order":0,"comment_status":"closed","ping_status":"closed","template":"","meta":{"_acf_changed":false,"footnotes":""},"class_list":["post-7497","page","type-page","status-publish","has-post-thumbnail","hentry"],"acf":[],"yoast_head":"<!-- This site is optimized with the Yoast SEO plugin v27.1.1 - https:\/\/yoast.com\/product\/yoast-seo-wordpress\/ -->\n<title>Fonctionnalit\u00e9 r\u00e9serv\u00e9e - AVS Electronics<\/title>\n<meta name=\"robots\" content=\"noindex, follow, max-snippet:-1, max-image-preview:large, max-video-preview:-1\" \/>\n<meta property=\"og:locale\" content=\"fr_FR\" \/>\n<meta property=\"og:type\" content=\"article\" \/>\n<meta property=\"og:title\" content=\"Fonctionnalit\u00e9 r\u00e9serv\u00e9e - AVS Electronics\" \/>\n<meta property=\"og:description\" content=\"\u00cates-vous installateur ? Acc\u00e9dez \u00e0 l\u2019Espace Technique R\u00e9serv\u00e9 Inscrivez-vous pour consulter et t\u00e9l\u00e9charger toute la documentation professionnelle d\u00e9di\u00e9e aux installateurs. L\u2019acc\u00e8s est r\u00e9serv\u00e9 aux professionnels du secteur et permet de travailler toujours avec des outils officiels et \u00e0 jour. Inscrivez-vous maintenant Vous avez d\u00e9j\u00e0 un compte ? Connectez-vous ici \u00cates-vous un utilisateur priv\u00e9 ? T\u00e9l\u00e9chargez [&hellip;]\" \/>\n<meta property=\"og:url\" content=\"https:\/\/avselectronics.sviluppo.spherica.it\/fr\/fonctionnalite-reservee\/\" \/>\n<meta property=\"og:site_name\" content=\"AVS Electronics\" \/>\n<meta property=\"article:modified_time\" content=\"2026-03-13T15:09:55+00:00\" \/>\n<meta property=\"og:image\" content=\"https:\/\/avselectronics.sviluppo.spherica.it\/wp-content\/uploads\/2025\/07\/noimage-760x460-1.png\" \/>\n\t<meta property=\"og:image:width\" content=\"760\" \/>\n\t<meta property=\"og:image:height\" content=\"460\" \/>\n\t<meta property=\"og:image:type\" content=\"image\/png\" \/>\n<meta name=\"twitter:card\" content=\"summary_large_image\" \/>\n<meta name=\"twitter:label1\" content=\"Dur\u00e9e de lecture estim\u00e9e\" \/>\n\t<meta name=\"twitter:data1\" content=\"1 minute\" \/>\n<script type=\"application\/ld+json\" class=\"yoast-schema-graph\">{\"@context\":\"https:\/\/schema.org\",\"@graph\":[{\"@type\":\"WebPage\",\"@id\":\"https:\/\/avselectronics.sviluppo.spherica.it\/fr\/fonctionnalite-reservee\/\",\"url\":\"https:\/\/avselectronics.sviluppo.spherica.it\/fr\/fonctionnalite-reservee\/\",\"name\":\"Fonctionnalit\u00e9 r\u00e9serv\u00e9e - AVS Electronics\",\"isPartOf\":{\"@id\":\"https:\/\/avselectronics.sviluppo.spherica.it\/fr\/#website\"},\"primaryImageOfPage\":{\"@id\":\"https:\/\/avselectronics.sviluppo.spherica.it\/fr\/fonctionnalite-reservee\/#primaryimage\"},\"image\":{\"@id\":\"https:\/\/avselectronics.sviluppo.spherica.it\/fr\/fonctionnalite-reservee\/#primaryimage\"},\"thumbnailUrl\":\"https:\/\/avselectronics.sviluppo.spherica.it\/wp-content\/uploads\/2025\/07\/noimage-760x460-1.png\",\"datePublished\":\"2026-01-22T14:02:48+00:00\",\"dateModified\":\"2026-03-13T15:09:55+00:00\",\"breadcrumb\":{\"@id\":\"https:\/\/avselectronics.sviluppo.spherica.it\/fr\/fonctionnalite-reservee\/#breadcrumb\"},\"inLanguage\":\"fr-FR\",\"potentialAction\":[{\"@type\":\"ReadAction\",\"target\":[\"https:\/\/avselectronics.sviluppo.spherica.it\/fr\/fonctionnalite-reservee\/\"]}]},{\"@type\":\"ImageObject\",\"inLanguage\":\"fr-FR\",\"@id\":\"https:\/\/avselectronics.sviluppo.spherica.it\/fr\/fonctionnalite-reservee\/#primaryimage\",\"url\":\"https:\/\/avselectronics.sviluppo.spherica.it\/wp-content\/uploads\/2025\/07\/noimage-760x460-1.png\",\"contentUrl\":\"https:\/\/avselectronics.sviluppo.spherica.it\/wp-content\/uploads\/2025\/07\/noimage-760x460-1.png\",\"width\":760,\"height\":460},{\"@type\":\"BreadcrumbList\",\"@id\":\"https:\/\/avselectronics.sviluppo.spherica.it\/fr\/fonctionnalite-reservee\/#breadcrumb\",\"itemListElement\":[{\"@type\":\"ListItem\",\"position\":1,\"name\":\"\",\"item\":\"https:\/\/avselectronics.sviluppo.spherica.it\/fr\/\"},{\"@type\":\"ListItem\",\"position\":2,\"name\":\"Fonctionnalit\u00e9 r\u00e9serv\u00e9e\"}]},{\"@type\":\"WebSite\",\"@id\":\"https:\/\/avselectronics.sviluppo.spherica.it\/fr\/#website\",\"url\":\"https:\/\/avselectronics.sviluppo.spherica.it\/fr\/\",\"name\":\"AVS Electronics\",\"description\":\"Sicuri e protetti. Sempre.\",\"publisher\":{\"@id\":\"https:\/\/avselectronics.sviluppo.spherica.it\/fr\/#organization\"},\"potentialAction\":[{\"@type\":\"SearchAction\",\"target\":{\"@type\":\"EntryPoint\",\"urlTemplate\":\"https:\/\/avselectronics.sviluppo.spherica.it\/fr\/?s={search_term_string}\"},\"query-input\":{\"@type\":\"PropertyValueSpecification\",\"valueRequired\":true,\"valueName\":\"search_term_string\"}}],\"inLanguage\":\"fr-FR\"},{\"@type\":\"Organization\",\"@id\":\"https:\/\/avselectronics.sviluppo.spherica.it\/fr\/#organization\",\"name\":\"AVS Electronics\",\"url\":\"https:\/\/avselectronics.sviluppo.spherica.it\/fr\/\",\"logo\":{\"@type\":\"ImageObject\",\"inLanguage\":\"fr-FR\",\"@id\":\"https:\/\/avselectronics.sviluppo.spherica.it\/fr\/#\/schema\/logo\/image\/\",\"url\":\"https:\/\/avselectronics.sviluppo.spherica.it\/wp-content\/uploads\/2025\/08\/AVS_logo.png\",\"contentUrl\":\"https:\/\/avselectronics.sviluppo.spherica.it\/wp-content\/uploads\/2025\/08\/AVS_logo.png\",\"width\":381,\"height\":179,\"caption\":\"AVS Electronics\"},\"image\":{\"@id\":\"https:\/\/avselectronics.sviluppo.spherica.it\/fr\/#\/schema\/logo\/image\/\"}}]}<\/script>\n<!-- \/ Yoast SEO plugin. -->","yoast_head_json":{"title":"Fonctionnalit\u00e9 r\u00e9serv\u00e9e - AVS Electronics","robots":{"index":"noindex","follow":"follow","max-snippet":"max-snippet:-1","max-image-preview":"max-image-preview:large","max-video-preview":"max-video-preview:-1"},"og_locale":"fr_FR","og_type":"article","og_title":"Fonctionnalit\u00e9 r\u00e9serv\u00e9e - AVS Electronics","og_description":"\u00cates-vous installateur ? Acc\u00e9dez \u00e0 l\u2019Espace Technique R\u00e9serv\u00e9 Inscrivez-vous pour consulter et t\u00e9l\u00e9charger toute la documentation professionnelle d\u00e9di\u00e9e aux installateurs. L\u2019acc\u00e8s est r\u00e9serv\u00e9 aux professionnels du secteur et permet de travailler toujours avec des outils officiels et \u00e0 jour. Inscrivez-vous maintenant Vous avez d\u00e9j\u00e0 un compte ? Connectez-vous ici \u00cates-vous un utilisateur priv\u00e9 ? T\u00e9l\u00e9chargez [&hellip;]","og_url":"https:\/\/avselectronics.sviluppo.spherica.it\/fr\/fonctionnalite-reservee\/","og_site_name":"AVS Electronics","article_modified_time":"2026-03-13T15:09:55+00:00","og_image":[{"width":760,"height":460,"url":"https:\/\/avselectronics.sviluppo.spherica.it\/wp-content\/uploads\/2025\/07\/noimage-760x460-1.png","type":"image\/png"}],"twitter_card":"summary_large_image","twitter_misc":{"Dur\u00e9e de lecture estim\u00e9e":"1 minute"},"schema":{"@context":"https:\/\/schema.org","@graph":[{"@type":"WebPage","@id":"https:\/\/avselectronics.sviluppo.spherica.it\/fr\/fonctionnalite-reservee\/","url":"https:\/\/avselectronics.sviluppo.spherica.it\/fr\/fonctionnalite-reservee\/","name":"Fonctionnalit\u00e9 r\u00e9serv\u00e9e - AVS Electronics","isPartOf":{"@id":"https:\/\/avselectronics.sviluppo.spherica.it\/fr\/#website"},"primaryImageOfPage":{"@id":"https:\/\/avselectronics.sviluppo.spherica.it\/fr\/fonctionnalite-reservee\/#primaryimage"},"image":{"@id":"https:\/\/avselectronics.sviluppo.spherica.it\/fr\/fonctionnalite-reservee\/#primaryimage"},"thumbnailUrl":"https:\/\/avselectronics.sviluppo.spherica.it\/wp-content\/uploads\/2025\/07\/noimage-760x460-1.png","datePublished":"2026-01-22T14:02:48+00:00","dateModified":"2026-03-13T15:09:55+00:00","breadcrumb":{"@id":"https:\/\/avselectronics.sviluppo.spherica.it\/fr\/fonctionnalite-reservee\/#breadcrumb"},"inLanguage":"fr-FR","potentialAction":[{"@type":"ReadAction","target":["https:\/\/avselectronics.sviluppo.spherica.it\/fr\/fonctionnalite-reservee\/"]}]},{"@type":"ImageObject","inLanguage":"fr-FR","@id":"https:\/\/avselectronics.sviluppo.spherica.it\/fr\/fonctionnalite-reservee\/#primaryimage","url":"https:\/\/avselectronics.sviluppo.spherica.it\/wp-content\/uploads\/2025\/07\/noimage-760x460-1.png","contentUrl":"https:\/\/avselectronics.sviluppo.spherica.it\/wp-content\/uploads\/2025\/07\/noimage-760x460-1.png","width":760,"height":460},{"@type":"BreadcrumbList","@id":"https:\/\/avselectronics.sviluppo.spherica.it\/fr\/fonctionnalite-reservee\/#breadcrumb","itemListElement":[{"@type":"ListItem","position":1,"name":"","item":"https:\/\/avselectronics.sviluppo.spherica.it\/fr\/"},{"@type":"ListItem","position":2,"name":"Fonctionnalit\u00e9 r\u00e9serv\u00e9e"}]},{"@type":"WebSite","@id":"https:\/\/avselectronics.sviluppo.spherica.it\/fr\/#website","url":"https:\/\/avselectronics.sviluppo.spherica.it\/fr\/","name":"AVS Electronics","description":"Sicuri e protetti. Sempre.","publisher":{"@id":"https:\/\/avselectronics.sviluppo.spherica.it\/fr\/#organization"},"potentialAction":[{"@type":"SearchAction","target":{"@type":"EntryPoint","urlTemplate":"https:\/\/avselectronics.sviluppo.spherica.it\/fr\/?s={search_term_string}"},"query-input":{"@type":"PropertyValueSpecification","valueRequired":true,"valueName":"search_term_string"}}],"inLanguage":"fr-FR"},{"@type":"Organization","@id":"https:\/\/avselectronics.sviluppo.spherica.it\/fr\/#organization","name":"AVS Electronics","url":"https:\/\/avselectronics.sviluppo.spherica.it\/fr\/","logo":{"@type":"ImageObject","inLanguage":"fr-FR","@id":"https:\/\/avselectronics.sviluppo.spherica.it\/fr\/#\/schema\/logo\/image\/","url":"https:\/\/avselectronics.sviluppo.spherica.it\/wp-content\/uploads\/2025\/08\/AVS_logo.png","contentUrl":"https:\/\/avselectronics.sviluppo.spherica.it\/wp-content\/uploads\/2025\/08\/AVS_logo.png","width":381,"height":179,"caption":"AVS Electronics"},"image":{"@id":"https:\/\/avselectronics.sviluppo.spherica.it\/fr\/#\/schema\/logo\/image\/"}}]}},"_links":{"self":[{"href":"https:\/\/avselectronics.sviluppo.spherica.it\/fr\/wp-json\/wp\/v2\/pages\/7497","targetHints":{"allow":["GET"]}}],"collection":[{"href":"https:\/\/avselectronics.sviluppo.spherica.it\/fr\/wp-json\/wp\/v2\/pages"}],"about":[{"href":"https:\/\/avselectronics.sviluppo.spherica.it\/fr\/wp-json\/wp\/v2\/types\/page"}],"author":[{"embeddable":true,"href":"https:\/\/avselectronics.sviluppo.spherica.it\/fr\/wp-json\/wp\/v2\/users\/2"}],"replies":[{"embeddable":true,"href":"https:\/\/avselectronics.sviluppo.spherica.it\/fr\/wp-json\/wp\/v2\/comments?post=7497"}],"version-history":[{"count":7,"href":"https:\/\/avselectronics.sviluppo.spherica.it\/fr\/wp-json\/wp\/v2\/pages\/7497\/revisions"}],"predecessor-version":[{"id":13563,"href":"https:\/\/avselectronics.sviluppo.spherica.it\/fr\/wp-json\/wp\/v2\/pages\/7497\/revisions\/13563"}],"wp:featuredmedia":[{"embeddable":true,"href":"https:\/\/avselectronics.sviluppo.spherica.it\/fr\/wp-json\/wp\/v2\/media\/1302"}],"wp:attachment":[{"href":"https:\/\/avselectronics.sviluppo.spherica.it\/fr\/wp-json\/wp\/v2\/media?parent=7497"}],"curies":[{"name":"wp","href":"https:\/\/api.w.org\/{rel}","templated":true}]}}