{"id":6464,"date":"2025-07-03T09:45:10","date_gmt":"2025-07-03T09:45:10","guid":{"rendered":"https:\/\/avselectronics.sviluppo.spherica.it\/actualites\/"},"modified":"2026-01-16T11:35:39","modified_gmt":"2026-01-16T11:35:39","slug":"actualites","status":"publish","type":"page","link":"https:\/\/avselectronics.sviluppo.spherica.it\/fr\/espace-installateurs\/actualites\/","title":{"rendered":"Nouvelles"},"content":{"rendered":"\t\t<div data-elementor-type=\"wp-page\" data-elementor-id=\"6464\" class=\"elementor elementor-6464 elementor-58\" data-elementor-post-type=\"page\">\n\t\t\t\t<div class=\"elementor-element elementor-element-1bd4d0b e-flex e-con-boxed e-con e-parent\" data-id=\"1bd4d0b\" data-element_type=\"container\" data-e-type=\"container\">\n\t\t\t\t\t<div class=\"e-con-inner\">\n\t\t\t\t<div class=\"elementor-element elementor-element-050464c elementor-widget elementor-widget-heading\" data-id=\"050464c\" data-element_type=\"widget\" data-e-type=\"widget\" data-widget_type=\"heading.default\">\n\t\t\t\t\t<h2 class=\"elementor-heading-title elementor-size-default\">Actualit\u00e9s pour les installateurs AVS<\/h2>\t\t\t\t<\/div>\n\t\t\t\t<div class=\"elementor-element elementor-element-575fa32 elementor-widget elementor-widget-text-editor\" data-id=\"575fa32\" data-element_type=\"widget\" data-e-type=\"widget\" data-widget_type=\"text-editor.default\">\n\t\t\t\t\t\t\t\t\t<p>Vous trouverez ici des mises \u00e0 jour, des actualit\u00e9s produits, des versions logicielles, des int\u00e9grations et des communications techniques destin\u00e9es aux installateurs AVS.<br>Un espace con\u00e7u pour vous tenir inform\u00e9 des \u00e9volutions de la plateforme, des nouvelles fonctionnalit\u00e9s et des opportunit\u00e9s utiles pour votre travail quotidien.<\/p>\t\t\t\t\t\t\t\t<\/div>\n\t\t\t\t\t<\/div>\n\t\t\t\t<\/div>\n\t\t\t\t<\/div>\n\t\t","protected":false},"excerpt":{"rendered":"<p>Actualit\u00e9s pour les installateurs AVS Vous trouverez ici des mises \u00e0 jour, des actualit\u00e9s produits, des versions logicielles, des int\u00e9grations et des communications techniques destin\u00e9es aux installateurs AVS.Un espace con\u00e7u pour vous tenir inform\u00e9 des \u00e9volutions de la plateforme, des nouvelles fonctionnalit\u00e9s et des opportunit\u00e9s utiles pour votre travail quotidien.<\/p>\n","protected":false},"author":1,"featured_media":1302,"parent":6474,"menu_order":0,"comment_status":"closed","ping_status":"closed","template":"elementor_header_footer","meta":{"_acf_changed":false,"footnotes":""},"class_list":["post-6464","page","type-page","status-publish","has-post-thumbnail","hentry"],"acf":[],"yoast_head":"<!-- This site is optimized with the Yoast SEO plugin v27.1.1 - https:\/\/yoast.com\/product\/yoast-seo-wordpress\/ -->\n<title>Nouvelles - AVS Electronics<\/title>\n<meta name=\"robots\" content=\"noindex, follow, max-snippet:-1, max-image-preview:large, max-video-preview:-1\" \/>\n<meta property=\"og:locale\" content=\"fr_FR\" \/>\n<meta property=\"og:type\" content=\"article\" \/>\n<meta property=\"og:title\" content=\"Nouvelles - AVS Electronics\" \/>\n<meta property=\"og:description\" content=\"Actualit\u00e9s pour les installateurs AVS Vous trouverez ici des mises \u00e0 jour, des actualit\u00e9s produits, des versions logicielles, des int\u00e9grations et des communications techniques destin\u00e9es aux installateurs AVS.Un espace con\u00e7u pour vous tenir inform\u00e9 des \u00e9volutions de la plateforme, des nouvelles fonctionnalit\u00e9s et des opportunit\u00e9s utiles pour votre travail quotidien.\" \/>\n<meta property=\"og:url\" content=\"https:\/\/avselectronics.sviluppo.spherica.it\/fr\/espace-installateurs\/actualites\/\" \/>\n<meta property=\"og:site_name\" content=\"AVS Electronics\" \/>\n<meta property=\"article:modified_time\" content=\"2026-01-16T11:35:39+00:00\" \/>\n<meta property=\"og:image\" content=\"https:\/\/avselectronics.sviluppo.spherica.it\/wp-content\/uploads\/2025\/07\/noimage-760x460-1.png\" \/>\n\t<meta property=\"og:image:width\" content=\"760\" \/>\n\t<meta property=\"og:image:height\" content=\"460\" \/>\n\t<meta property=\"og:image:type\" content=\"image\/png\" \/>\n<meta name=\"twitter:card\" content=\"summary_large_image\" \/>\n<script type=\"application\/ld+json\" class=\"yoast-schema-graph\">{\"@context\":\"https:\/\/schema.org\",\"@graph\":[{\"@type\":\"WebPage\",\"@id\":\"https:\/\/avselectronics.sviluppo.spherica.it\/fr\/espace-installateurs\/actualites\/\",\"url\":\"https:\/\/avselectronics.sviluppo.spherica.it\/fr\/espace-installateurs\/actualites\/\",\"name\":\"Nouvelles - AVS Electronics\",\"isPartOf\":{\"@id\":\"https:\/\/avselectronics.sviluppo.spherica.it\/fr\/#website\"},\"primaryImageOfPage\":{\"@id\":\"https:\/\/avselectronics.sviluppo.spherica.it\/fr\/espace-installateurs\/actualites\/#primaryimage\"},\"image\":{\"@id\":\"https:\/\/avselectronics.sviluppo.spherica.it\/fr\/espace-installateurs\/actualites\/#primaryimage\"},\"thumbnailUrl\":\"https:\/\/avselectronics.sviluppo.spherica.it\/wp-content\/uploads\/2025\/07\/noimage-760x460-1.png\",\"datePublished\":\"2025-07-03T09:45:10+00:00\",\"dateModified\":\"2026-01-16T11:35:39+00:00\",\"breadcrumb\":{\"@id\":\"https:\/\/avselectronics.sviluppo.spherica.it\/fr\/espace-installateurs\/actualites\/#breadcrumb\"},\"inLanguage\":\"fr-FR\",\"potentialAction\":[{\"@type\":\"ReadAction\",\"target\":[\"https:\/\/avselectronics.sviluppo.spherica.it\/fr\/espace-installateurs\/actualites\/\"]}]},{\"@type\":\"ImageObject\",\"inLanguage\":\"fr-FR\",\"@id\":\"https:\/\/avselectronics.sviluppo.spherica.it\/fr\/espace-installateurs\/actualites\/#primaryimage\",\"url\":\"https:\/\/avselectronics.sviluppo.spherica.it\/wp-content\/uploads\/2025\/07\/noimage-760x460-1.png\",\"contentUrl\":\"https:\/\/avselectronics.sviluppo.spherica.it\/wp-content\/uploads\/2025\/07\/noimage-760x460-1.png\",\"width\":760,\"height\":460},{\"@type\":\"BreadcrumbList\",\"@id\":\"https:\/\/avselectronics.sviluppo.spherica.it\/fr\/espace-installateurs\/actualites\/#breadcrumb\",\"itemListElement\":[{\"@type\":\"ListItem\",\"position\":1,\"name\":\"\",\"item\":\"https:\/\/avselectronics.sviluppo.spherica.it\/fr\/\"},{\"@type\":\"ListItem\",\"position\":2,\"name\":\"Espace Installateurs\",\"item\":\"https:\/\/avselectronics.sviluppo.spherica.it\/fr\/area-installatore\/\"},{\"@type\":\"ListItem\",\"position\":3,\"name\":\"Nouvelles\"}]},{\"@type\":\"WebSite\",\"@id\":\"https:\/\/avselectronics.sviluppo.spherica.it\/fr\/#website\",\"url\":\"https:\/\/avselectronics.sviluppo.spherica.it\/fr\/\",\"name\":\"AVS Electronics\",\"description\":\"Sicuri e protetti. Sempre.\",\"publisher\":{\"@id\":\"https:\/\/avselectronics.sviluppo.spherica.it\/fr\/#organization\"},\"potentialAction\":[{\"@type\":\"SearchAction\",\"target\":{\"@type\":\"EntryPoint\",\"urlTemplate\":\"https:\/\/avselectronics.sviluppo.spherica.it\/fr\/?s={search_term_string}\"},\"query-input\":{\"@type\":\"PropertyValueSpecification\",\"valueRequired\":true,\"valueName\":\"search_term_string\"}}],\"inLanguage\":\"fr-FR\"},{\"@type\":\"Organization\",\"@id\":\"https:\/\/avselectronics.sviluppo.spherica.it\/fr\/#organization\",\"name\":\"AVS Electronics\",\"url\":\"https:\/\/avselectronics.sviluppo.spherica.it\/fr\/\",\"logo\":{\"@type\":\"ImageObject\",\"inLanguage\":\"fr-FR\",\"@id\":\"https:\/\/avselectronics.sviluppo.spherica.it\/fr\/#\/schema\/logo\/image\/\",\"url\":\"https:\/\/avselectronics.sviluppo.spherica.it\/wp-content\/uploads\/2025\/08\/AVS_logo.png\",\"contentUrl\":\"https:\/\/avselectronics.sviluppo.spherica.it\/wp-content\/uploads\/2025\/08\/AVS_logo.png\",\"width\":381,\"height\":179,\"caption\":\"AVS Electronics\"},\"image\":{\"@id\":\"https:\/\/avselectronics.sviluppo.spherica.it\/fr\/#\/schema\/logo\/image\/\"}}]}<\/script>\n<!-- \/ Yoast SEO plugin. -->","yoast_head_json":{"title":"Nouvelles - AVS Electronics","robots":{"index":"noindex","follow":"follow","max-snippet":"max-snippet:-1","max-image-preview":"max-image-preview:large","max-video-preview":"max-video-preview:-1"},"og_locale":"fr_FR","og_type":"article","og_title":"Nouvelles - AVS Electronics","og_description":"Actualit\u00e9s pour les installateurs AVS Vous trouverez ici des mises \u00e0 jour, des actualit\u00e9s produits, des versions logicielles, des int\u00e9grations et des communications techniques destin\u00e9es aux installateurs AVS.Un espace con\u00e7u pour vous tenir inform\u00e9 des \u00e9volutions de la plateforme, des nouvelles fonctionnalit\u00e9s et des opportunit\u00e9s utiles pour votre travail quotidien.","og_url":"https:\/\/avselectronics.sviluppo.spherica.it\/fr\/espace-installateurs\/actualites\/","og_site_name":"AVS Electronics","article_modified_time":"2026-01-16T11:35:39+00:00","og_image":[{"width":760,"height":460,"url":"https:\/\/avselectronics.sviluppo.spherica.it\/wp-content\/uploads\/2025\/07\/noimage-760x460-1.png","type":"image\/png"}],"twitter_card":"summary_large_image","schema":{"@context":"https:\/\/schema.org","@graph":[{"@type":"WebPage","@id":"https:\/\/avselectronics.sviluppo.spherica.it\/fr\/espace-installateurs\/actualites\/","url":"https:\/\/avselectronics.sviluppo.spherica.it\/fr\/espace-installateurs\/actualites\/","name":"Nouvelles - AVS Electronics","isPartOf":{"@id":"https:\/\/avselectronics.sviluppo.spherica.it\/fr\/#website"},"primaryImageOfPage":{"@id":"https:\/\/avselectronics.sviluppo.spherica.it\/fr\/espace-installateurs\/actualites\/#primaryimage"},"image":{"@id":"https:\/\/avselectronics.sviluppo.spherica.it\/fr\/espace-installateurs\/actualites\/#primaryimage"},"thumbnailUrl":"https:\/\/avselectronics.sviluppo.spherica.it\/wp-content\/uploads\/2025\/07\/noimage-760x460-1.png","datePublished":"2025-07-03T09:45:10+00:00","dateModified":"2026-01-16T11:35:39+00:00","breadcrumb":{"@id":"https:\/\/avselectronics.sviluppo.spherica.it\/fr\/espace-installateurs\/actualites\/#breadcrumb"},"inLanguage":"fr-FR","potentialAction":[{"@type":"ReadAction","target":["https:\/\/avselectronics.sviluppo.spherica.it\/fr\/espace-installateurs\/actualites\/"]}]},{"@type":"ImageObject","inLanguage":"fr-FR","@id":"https:\/\/avselectronics.sviluppo.spherica.it\/fr\/espace-installateurs\/actualites\/#primaryimage","url":"https:\/\/avselectronics.sviluppo.spherica.it\/wp-content\/uploads\/2025\/07\/noimage-760x460-1.png","contentUrl":"https:\/\/avselectronics.sviluppo.spherica.it\/wp-content\/uploads\/2025\/07\/noimage-760x460-1.png","width":760,"height":460},{"@type":"BreadcrumbList","@id":"https:\/\/avselectronics.sviluppo.spherica.it\/fr\/espace-installateurs\/actualites\/#breadcrumb","itemListElement":[{"@type":"ListItem","position":1,"name":"","item":"https:\/\/avselectronics.sviluppo.spherica.it\/fr\/"},{"@type":"ListItem","position":2,"name":"Espace Installateurs","item":"https:\/\/avselectronics.sviluppo.spherica.it\/fr\/area-installatore\/"},{"@type":"ListItem","position":3,"name":"Nouvelles"}]},{"@type":"WebSite","@id":"https:\/\/avselectronics.sviluppo.spherica.it\/fr\/#website","url":"https:\/\/avselectronics.sviluppo.spherica.it\/fr\/","name":"AVS Electronics","description":"Sicuri e protetti. Sempre.","publisher":{"@id":"https:\/\/avselectronics.sviluppo.spherica.it\/fr\/#organization"},"potentialAction":[{"@type":"SearchAction","target":{"@type":"EntryPoint","urlTemplate":"https:\/\/avselectronics.sviluppo.spherica.it\/fr\/?s={search_term_string}"},"query-input":{"@type":"PropertyValueSpecification","valueRequired":true,"valueName":"search_term_string"}}],"inLanguage":"fr-FR"},{"@type":"Organization","@id":"https:\/\/avselectronics.sviluppo.spherica.it\/fr\/#organization","name":"AVS Electronics","url":"https:\/\/avselectronics.sviluppo.spherica.it\/fr\/","logo":{"@type":"ImageObject","inLanguage":"fr-FR","@id":"https:\/\/avselectronics.sviluppo.spherica.it\/fr\/#\/schema\/logo\/image\/","url":"https:\/\/avselectronics.sviluppo.spherica.it\/wp-content\/uploads\/2025\/08\/AVS_logo.png","contentUrl":"https:\/\/avselectronics.sviluppo.spherica.it\/wp-content\/uploads\/2025\/08\/AVS_logo.png","width":381,"height":179,"caption":"AVS Electronics"},"image":{"@id":"https:\/\/avselectronics.sviluppo.spherica.it\/fr\/#\/schema\/logo\/image\/"}}]}},"_links":{"self":[{"href":"https:\/\/avselectronics.sviluppo.spherica.it\/fr\/wp-json\/wp\/v2\/pages\/6464","targetHints":{"allow":["GET"]}}],"collection":[{"href":"https:\/\/avselectronics.sviluppo.spherica.it\/fr\/wp-json\/wp\/v2\/pages"}],"about":[{"href":"https:\/\/avselectronics.sviluppo.spherica.it\/fr\/wp-json\/wp\/v2\/types\/page"}],"author":[{"embeddable":true,"href":"https:\/\/avselectronics.sviluppo.spherica.it\/fr\/wp-json\/wp\/v2\/users\/1"}],"replies":[{"embeddable":true,"href":"https:\/\/avselectronics.sviluppo.spherica.it\/fr\/wp-json\/wp\/v2\/comments?post=6464"}],"version-history":[{"count":3,"href":"https:\/\/avselectronics.sviluppo.spherica.it\/fr\/wp-json\/wp\/v2\/pages\/6464\/revisions"}],"predecessor-version":[{"id":6681,"href":"https:\/\/avselectronics.sviluppo.spherica.it\/fr\/wp-json\/wp\/v2\/pages\/6464\/revisions\/6681"}],"up":[{"embeddable":true,"href":"https:\/\/avselectronics.sviluppo.spherica.it\/fr\/wp-json\/wp\/v2\/pages\/6474"}],"wp:featuredmedia":[{"embeddable":true,"href":"https:\/\/avselectronics.sviluppo.spherica.it\/fr\/wp-json\/wp\/v2\/media\/1302"}],"wp:attachment":[{"href":"https:\/\/avselectronics.sviluppo.spherica.it\/fr\/wp-json\/wp\/v2\/media?parent=6464"}],"curies":[{"name":"wp","href":"https:\/\/api.w.org\/{rel}","templated":true}]}}