{"id":6421,"date":"2025-07-03T09:49:50","date_gmt":"2025-07-03T09:49:50","guid":{"rendered":"https:\/\/avselectronics.sviluppo.spherica.it\/le-group\/"},"modified":"2026-01-30T13:38:07","modified_gmt":"2026-01-30T13:38:07","slug":"le-group","status":"publish","type":"page","link":"https:\/\/avselectronics.sviluppo.spherica.it\/fr\/a-propos-de-nous\/le-group\/","title":{"rendered":"Le group"},"content":{"rendered":"\t\t<div data-elementor-type=\"wp-page\" data-elementor-id=\"6421\" class=\"elementor elementor-6421 elementor-100\" data-elementor-post-type=\"page\">\n\t\t\t\t<div class=\"elementor-element elementor-element-43e2d021 e-con-full e-flex e-con e-parent\" data-id=\"43e2d021\" data-element_type=\"container\" data-e-type=\"container\">\n\t\t<div class=\"elementor-element elementor-element-6b9dfdf2 e-con-full e-flex e-con e-child\" data-id=\"6b9dfdf2\" data-element_type=\"container\" data-e-type=\"container\" data-settings=\"{&quot;background_background&quot;:&quot;classic&quot;}\">\n\t\t<div class=\"elementor-element elementor-element-3d7bc5c2 e-con-full e-flex e-con e-child\" data-id=\"3d7bc5c2\" data-element_type=\"container\" data-e-type=\"container\" data-settings=\"{&quot;motion_fx_motion_fx_scrolling&quot;:&quot;yes&quot;,&quot;motion_fx_translateY_effect&quot;:&quot;yes&quot;,&quot;motion_fx_translateY_speed&quot;:{&quot;unit&quot;:&quot;px&quot;,&quot;size&quot;:5.8,&quot;sizes&quot;:[]},&quot;motion_fx_translateY_affectedRange&quot;:{&quot;unit&quot;:&quot;%&quot;,&quot;size&quot;:&quot;&quot;,&quot;sizes&quot;:{&quot;start&quot;:20,&quot;end&quot;:100}},&quot;motion_fx_devices&quot;:[&quot;desktop&quot;,&quot;laptop&quot;,&quot;tablet_extra&quot;,&quot;tablet&quot;,&quot;mobile&quot;]}\">\n\t\t\t\t<div class=\"elementor-element elementor-element-170f888f elementor-widget elementor-widget-heading\" data-id=\"170f888f\" data-element_type=\"widget\" data-e-type=\"widget\" data-widget_type=\"heading.default\">\n\t\t\t\t\t<p class=\"elementor-heading-title elementor-size-default\">\u201cNous voulons garantir la plus grande continuit\u00e9 op\u00e9rationnelle, l\u2019automatisation domestique la plus moderne ainsi qu\u2019une s\u00e9curit\u00e9 civile et industrielle absolue.Nous \u0153uvrons pour proposer des solutions innovantes destin\u00e9es \u00e0 am\u00e9liorer concr\u00e8tement le travail et la vie de tous. Chaque jour, nous faisons progresser notre savoir-faire gr\u00e2ce \u00e0 des mises \u00e0 jour constantes des nouvelles technologies et \u00e0 d\u2019importants investissements en recherche et d\u00e9veloppement, qui nous permettent d\u2019exceller \u00e0 l\u2019\u00e9chelle mondiale..\u201d\n<br><br>\n<b>Cav. Lav. Pierantonio Riello <\/b><\/p>\t\t\t\t<\/div>\n\t\t\t\t<\/div>\n\t\t\t\t<\/div>\n\t\t<div class=\"elementor-element elementor-element-4052d8ec e-con-full e-flex e-con e-child\" data-id=\"4052d8ec\" data-element_type=\"container\" data-e-type=\"container\">\n\t\t\t\t<div class=\"elementor-element elementor-element-2e817d4c elementor-widget elementor-widget-heading\" data-id=\"2e817d4c\" data-element_type=\"widget\" data-e-type=\"widget\" data-widget_type=\"heading.default\">\n\t\t\t\t\t<h2 class=\"elementor-heading-title elementor-size-default\">LE GROUP<\/h2>\t\t\t\t<\/div>\n\t\t\t\t<div class=\"elementor-element elementor-element-02352d6 elementor-widget elementor-widget-heading\" data-id=\"02352d6\" data-element_type=\"widget\" data-e-type=\"widget\" data-widget_type=\"heading.default\">\n\t\t\t\t\t<h2 class=\"elementor-heading-title elementor-size-default\"><span style=\"color:var( --e-global-color-primary )\">Depuis 2003, <\/span>nous faisons partie<br> d\u2019une grande<br>histoire de succ\u00e8s.<\/h2>\t\t\t\t<\/div>\n\t\t\t\t<div class=\"elementor-element elementor-element-7e06f9c3 elementor-widget elementor-widget-text-editor\" data-id=\"7e06f9c3\" data-element_type=\"widget\" data-e-type=\"widget\" data-widget_type=\"text-editor.default\">\n\t\t\t\t\t\t\t\t\t<p><strong>Depuis 2003, AVS ELECTRONICS fait partie du groupe RIELLO ELETTRONICA.<\/strong><br \/>Croissance continue et chiffres florissants : voici Riello Elettronica aujourd\u2019hui, expression de sa <strong>tradition entrepreneuriale tourn\u00e9e vers l\u2019innovation<\/strong>, des d\u00e9fis mondiaux et du d\u00e9veloppement de la technologie \u00ab<strong>Made in Italy<\/strong>\u00bb sur les march\u00e9s internationaux.<\/p>\t\t\t\t\t\t\t\t<\/div>\n\t\t\t\t<\/div>\n\t\t\t\t<\/div>\n\t\t<div class=\"elementor-element elementor-element-83ef280 e-flex e-con-boxed e-con e-parent\" data-id=\"83ef280\" data-element_type=\"container\" data-e-type=\"container\">\n\t\t\t\t\t<div class=\"e-con-inner\">\n\t\t<div class=\"elementor-element elementor-element-15bdadf6 e-con-full e-flex e-con e-child\" data-id=\"15bdadf6\" data-element_type=\"container\" data-e-type=\"container\">\n\t\t\t\t<div class=\"elementor-element elementor-element-d15d7cc elementor-widget elementor-widget-image\" data-id=\"d15d7cc\" data-element_type=\"widget\" data-e-type=\"widget\" data-widget_type=\"image.default\">\n\t\t\t\t\t\t\t\t\t\t\t\t\t\t\t\t<a href=\"https:\/\/www.riello-elettronica.it\/\">\n\t\t\t\t\t\t\t<img fetchpriority=\"high\" decoding=\"async\" width=\"381\" height=\"179\" src=\"https:\/\/avselectronics.sviluppo.spherica.it\/wp-content\/uploads\/2025\/08\/RielloElettronics_logo.png\" class=\"attachment-large size-large wp-image-6435\" alt=\"\" srcset=\"https:\/\/avselectronics.sviluppo.spherica.it\/wp-content\/uploads\/2025\/08\/RielloElettronics_logo.png 381w, https:\/\/avselectronics.sviluppo.spherica.it\/wp-content\/uploads\/2025\/08\/RielloElettronics_logo-300x141.png 300w\" sizes=\"(max-width: 381px) 100vw, 381px\" \/>\t\t\t\t\t\t\t\t<\/a>\n\t\t\t\t\t\t\t\t\t\t\t\t\t\t\t<\/div>\n\t\t\t\t<\/div>\n\t\t\t\t\t<\/div>\n\t\t\t\t<\/div>\n\t\t<div class=\"elementor-element elementor-element-2a93d6e e-flex e-con-boxed e-con e-parent\" data-id=\"2a93d6e\" data-element_type=\"container\" data-e-type=\"container\">\n\t\t\t\t\t<div class=\"e-con-inner\">\n\t\t<div class=\"elementor-element elementor-element-0d98a29 e-con-full e-flex elementor-invisible e-con e-child\" data-id=\"0d98a29\" data-element_type=\"container\" data-e-type=\"container\" data-settings=\"{&quot;animation&quot;:&quot;fadeInUp&quot;}\">\n\t\t\t\t<div class=\"elementor-element elementor-element-9704371 elementor-widget elementor-widget-heading\" data-id=\"9704371\" data-element_type=\"widget\" data-e-type=\"widget\" data-widget_type=\"heading.default\">\n\t\t\t\t\t<h2 class=\"elementor-heading-title elementor-size-default\">AUTOMATISATION<\/h2>\t\t\t\t<\/div>\n\t\t\t\t<div class=\"elementor-element elementor-element-cd06c59 elementor-widget elementor-widget-spacer\" data-id=\"cd06c59\" data-element_type=\"widget\" data-e-type=\"widget\" data-widget_type=\"spacer.default\">\n\t\t\t\t\t\t\t<div class=\"elementor-spacer\">\n\t\t\t<div class=\"elementor-spacer-inner\"><\/div>\n\t\t<\/div>\n\t\t\t\t\t\t<\/div>\n\t\t\t\t<div class=\"elementor-element elementor-element-3b288b0 elementor-widget elementor-widget-image\" data-id=\"3b288b0\" data-element_type=\"widget\" data-e-type=\"widget\" data-widget_type=\"image.default\">\n\t\t\t\t\t\t\t\t\t\t\t\t\t\t\t<img decoding=\"async\" width=\"355\" height=\"179\" src=\"https:\/\/avselectronics.sviluppo.spherica.it\/wp-content\/uploads\/2025\/08\/cardin.png\" class=\"attachment-large size-large wp-image-6430\" alt=\"\" srcset=\"https:\/\/avselectronics.sviluppo.spherica.it\/wp-content\/uploads\/2025\/08\/cardin.png 355w, https:\/\/avselectronics.sviluppo.spherica.it\/wp-content\/uploads\/2025\/08\/cardin-300x151.png 300w\" sizes=\"(max-width: 355px) 100vw, 355px\" \/>\t\t\t\t\t\t\t\t\t\t\t\t\t\t\t<\/div>\n\t\t\t\t<div class=\"elementor-element elementor-element-540a359 elementor-widget elementor-widget-text-editor\" data-id=\"540a359\" data-element_type=\"widget\" data-e-type=\"widget\" data-widget_type=\"text-editor.default\">\n\t\t\t\t\t\t\t\t\t<p>Solutions pour l\u2019automatisation et le contr\u00f4le \u00e0 distance des portails, des fermetures, ainsi que des syst\u00e8mes de s\u00e9curit\u00e9 et de protection.<\/p>\t\t\t\t\t\t\t\t<\/div>\n\t\t\t\t<\/div>\n\t\t<div class=\"elementor-element elementor-element-32c4ae2 e-con-full e-flex elementor-invisible e-con e-child\" data-id=\"32c4ae2\" data-element_type=\"container\" data-e-type=\"container\" data-settings=\"{&quot;animation&quot;:&quot;fadeInUp&quot;,&quot;animation_delay&quot;:1000}\">\n\t\t\t\t<div class=\"elementor-element elementor-element-701e126 elementor-widget elementor-widget-heading\" data-id=\"701e126\" data-element_type=\"widget\" data-e-type=\"widget\" data-widget_type=\"heading.default\">\n\t\t\t\t\t<h2 class=\"elementor-heading-title elementor-size-default\">S\u00c9CURIT\u00c9 &amp; PROTECTION<\/h2>\t\t\t\t<\/div>\n\t\t\t\t<div class=\"elementor-element elementor-element-d843652 elementor-widget elementor-widget-spacer\" data-id=\"d843652\" data-element_type=\"widget\" data-e-type=\"widget\" data-widget_type=\"spacer.default\">\n\t\t\t\t\t\t\t<div class=\"elementor-spacer\">\n\t\t\t<div class=\"elementor-spacer-inner\"><\/div>\n\t\t<\/div>\n\t\t\t\t\t\t<\/div>\n\t\t\t\t<div class=\"elementor-element elementor-element-af1abf2 elementor-widget elementor-widget-image\" data-id=\"af1abf2\" data-element_type=\"widget\" data-e-type=\"widget\" data-widget_type=\"image.default\">\n\t\t\t\t\t\t\t\t\t\t\t\t\t\t\t<img decoding=\"async\" width=\"381\" height=\"179\" src=\"https:\/\/avselectronics.sviluppo.spherica.it\/wp-content\/uploads\/2025\/08\/AVS_logo.png\" class=\"attachment-large size-large wp-image-6431\" alt=\"\" srcset=\"https:\/\/avselectronics.sviluppo.spherica.it\/wp-content\/uploads\/2025\/08\/AVS_logo.png 381w, https:\/\/avselectronics.sviluppo.spherica.it\/wp-content\/uploads\/2025\/08\/AVS_logo-300x141.png 300w\" sizes=\"(max-width: 381px) 100vw, 381px\" \/>\t\t\t\t\t\t\t\t\t\t\t\t\t\t\t<\/div>\n\t\t\t\t<div class=\"elementor-element elementor-element-2d3b6a7 elementor-widget elementor-widget-image\" data-id=\"2d3b6a7\" data-element_type=\"widget\" data-e-type=\"widget\" data-widget_type=\"image.default\">\n\t\t\t\t\t\t\t\t\t\t\t\t\t\t\t<img loading=\"lazy\" decoding=\"async\" width=\"381\" height=\"179\" src=\"https:\/\/avselectronics.sviluppo.spherica.it\/wp-content\/uploads\/2025\/08\/RielloFire_logo.png\" class=\"attachment-large size-large wp-image-6422\" alt=\"\" srcset=\"https:\/\/avselectronics.sviluppo.spherica.it\/wp-content\/uploads\/2025\/08\/RielloFire_logo.png 381w, https:\/\/avselectronics.sviluppo.spherica.it\/wp-content\/uploads\/2025\/08\/RielloFire_logo-300x141.png 300w\" sizes=\"(max-width: 381px) 100vw, 381px\" \/>\t\t\t\t\t\t\t\t\t\t\t\t\t\t\t<\/div>\n\t\t\t\t<div class=\"elementor-element elementor-element-2832f02 elementor-widget elementor-widget-text-editor\" data-id=\"2832f02\" data-element_type=\"widget\" data-e-type=\"widget\" data-widget_type=\"text-editor.default\">\n\t\t\t\t\t\t\t\t\t<p>Gamme compl\u00e8te de syst\u00e8mes d\u2019alarme anti-intrusion, de v\u00e9rification vid\u00e9o,<br \/>d\u2019automatisation domestique et de syst\u00e8mes et solutions de d\u00e9tection incendie.<\/p>\t\t\t\t\t\t\t\t<\/div>\n\t\t\t\t<div class=\"elementor-element elementor-element-a9676ee elementor-widget elementor-widget-image\" data-id=\"a9676ee\" data-element_type=\"widget\" data-e-type=\"widget\" data-widget_type=\"image.default\">\n\t\t\t\t\t\t\t\t\t\t\t\t\t\t\t<img loading=\"lazy\" decoding=\"async\" width=\"380\" height=\"179\" src=\"https:\/\/avselectronics.sviluppo.spherica.it\/wp-content\/uploads\/2025\/08\/gammasystem_logo-1.png\" class=\"attachment-large size-large wp-image-6433\" alt=\"\" srcset=\"https:\/\/avselectronics.sviluppo.spherica.it\/wp-content\/uploads\/2025\/08\/gammasystem_logo-1.png 380w, https:\/\/avselectronics.sviluppo.spherica.it\/wp-content\/uploads\/2025\/08\/gammasystem_logo-1-300x141.png 300w\" sizes=\"(max-width: 380px) 100vw, 380px\" \/>\t\t\t\t\t\t\t\t\t\t\t\t\t\t\t<\/div>\n\t\t\t\t<div class=\"elementor-element elementor-element-a5b6f30 elementor-widget elementor-widget-text-editor\" data-id=\"a5b6f30\" data-element_type=\"widget\" data-e-type=\"widget\" data-widget_type=\"text-editor.default\">\n\t\t\t\t\t\t\t\t\tProduits pour la s\u00e9curit\u00e9 des travailleurs dans les zones dangereuses.\t\t\t\t\t\t\t\t<\/div>\n\t\t\t\t<\/div>\n\t\t<div class=\"elementor-element elementor-element-64e3940 e-con-full e-flex elementor-invisible e-con e-child\" data-id=\"64e3940\" data-element_type=\"container\" data-e-type=\"container\" data-settings=\"{&quot;animation&quot;:&quot;fadeInUp&quot;,&quot;animation_delay&quot;:2000}\">\n\t\t\t\t<div class=\"elementor-element elementor-element-3e607d5 elementor-widget elementor-widget-heading\" data-id=\"3e607d5\" data-element_type=\"widget\" data-e-type=\"widget\" data-widget_type=\"heading.default\">\n\t\t\t\t\t<h2 class=\"elementor-heading-title elementor-size-default\">\u00c9NERGIE<\/h2>\t\t\t\t<\/div>\n\t\t\t\t<div class=\"elementor-element elementor-element-f9f92fe elementor-widget elementor-widget-spacer\" data-id=\"f9f92fe\" data-element_type=\"widget\" data-e-type=\"widget\" data-widget_type=\"spacer.default\">\n\t\t\t\t\t\t\t<div class=\"elementor-spacer\">\n\t\t\t<div class=\"elementor-spacer-inner\"><\/div>\n\t\t<\/div>\n\t\t\t\t\t\t<\/div>\n\t\t\t\t<div class=\"elementor-element elementor-element-85bf54b elementor-widget elementor-widget-image\" data-id=\"85bf54b\" data-element_type=\"widget\" data-e-type=\"widget\" data-widget_type=\"image.default\">\n\t\t\t\t\t\t\t\t\t\t\t\t\t\t\t<img loading=\"lazy\" decoding=\"async\" width=\"381\" height=\"179\" src=\"https:\/\/avselectronics.sviluppo.spherica.it\/wp-content\/uploads\/2025\/08\/RielloUPS_logo.png\" class=\"attachment-large size-large wp-image-6434\" alt=\"\" srcset=\"https:\/\/avselectronics.sviluppo.spherica.it\/wp-content\/uploads\/2025\/08\/RielloUPS_logo.png 381w, https:\/\/avselectronics.sviluppo.spherica.it\/wp-content\/uploads\/2025\/08\/RielloUPS_logo-300x141.png 300w\" sizes=\"(max-width: 381px) 100vw, 381px\" \/>\t\t\t\t\t\t\t\t\t\t\t\t\t\t\t<\/div>\n\t\t\t\t<div class=\"elementor-element elementor-element-8f53057 elementor-widget elementor-widget-text-editor\" data-id=\"8f53057\" data-element_type=\"widget\" data-e-type=\"widget\" data-widget_type=\"text-editor.default\">\n\t\t\t\t\t\t\t\t\t<p>Large gamme d\u2019onduleurs de secours professionnels.<\/p>\t\t\t\t\t\t\t\t<\/div>\n\t\t\t\t<div class=\"elementor-element elementor-element-4d64ef4 elementor-widget elementor-widget-image\" data-id=\"4d64ef4\" data-element_type=\"widget\" data-e-type=\"widget\" data-widget_type=\"image.default\">\n\t\t\t\t\t\t\t\t\t\t\t\t\t\t\t<img loading=\"lazy\" decoding=\"async\" width=\"381\" height=\"179\" src=\"https:\/\/avselectronics.sviluppo.spherica.it\/wp-content\/uploads\/2025\/08\/RielloSolarTech_logo.png\" class=\"attachment-large size-large wp-image-6432\" alt=\"\" srcset=\"https:\/\/avselectronics.sviluppo.spherica.it\/wp-content\/uploads\/2025\/08\/RielloSolarTech_logo.png 381w, https:\/\/avselectronics.sviluppo.spherica.it\/wp-content\/uploads\/2025\/08\/RielloSolarTech_logo-300x141.png 300w\" sizes=\"(max-width: 381px) 100vw, 381px\" \/>\t\t\t\t\t\t\t\t\t\t\t\t\t\t\t<\/div>\n\t\t\t\t<div class=\"elementor-element elementor-element-a39b835 elementor-widget elementor-widget-text-editor\" data-id=\"a39b835\" data-element_type=\"widget\" data-e-type=\"widget\" data-widget_type=\"text-editor.default\">\n\t\t\t\t\t\t\t\t\t<p class=\"p1\">Onduleurs photovolta\u00efques (PV) et syst\u00e8mes de stockage d\u2019\u00e9nergie.<\/p>\t\t\t\t\t\t\t\t<\/div>\n\t\t\t\t<\/div>\n\t\t\t\t\t<\/div>\n\t\t\t\t<\/div>\n\t\t\t\t<\/div>\n\t\t","protected":false},"excerpt":{"rendered":"<p>\u201cNous voulons garantir la plus grande continuit\u00e9 op\u00e9rationnelle, l\u2019automatisation domestique la plus moderne ainsi qu\u2019une s\u00e9curit\u00e9 civile et industrielle absolue.Nous \u0153uvrons pour proposer des solutions innovantes destin\u00e9es \u00e0 am\u00e9liorer concr\u00e8tement le travail et la vie de tous. Chaque jour, nous faisons progresser notre savoir-faire gr\u00e2ce \u00e0 des mises \u00e0 jour constantes des nouvelles technologies et [&hellip;]<\/p>\n","protected":false},"author":1,"featured_media":1302,"parent":6501,"menu_order":0,"comment_status":"closed","ping_status":"closed","template":"elementor_header_footer","meta":{"_acf_changed":false,"footnotes":""},"class_list":["post-6421","page","type-page","status-publish","has-post-thumbnail","hentry"],"acf":[],"yoast_head":"<!-- This site is optimized with the Yoast SEO plugin v27.1.1 - https:\/\/yoast.com\/product\/yoast-seo-wordpress\/ -->\n<title>Le group - AVS Electronics<\/title>\n<meta name=\"robots\" content=\"noindex, follow, max-snippet:-1, max-image-preview:large, max-video-preview:-1\" \/>\n<meta property=\"og:locale\" content=\"fr_FR\" \/>\n<meta property=\"og:type\" content=\"article\" \/>\n<meta property=\"og:title\" content=\"Le group - AVS Electronics\" \/>\n<meta property=\"og:description\" content=\"\u201cNous voulons garantir la plus grande continuit\u00e9 op\u00e9rationnelle, l\u2019automatisation domestique la plus moderne ainsi qu\u2019une s\u00e9curit\u00e9 civile et industrielle absolue.Nous \u0153uvrons pour proposer des solutions innovantes destin\u00e9es \u00e0 am\u00e9liorer concr\u00e8tement le travail et la vie de tous. Chaque jour, nous faisons progresser notre savoir-faire gr\u00e2ce \u00e0 des mises \u00e0 jour constantes des nouvelles technologies et [&hellip;]\" \/>\n<meta property=\"og:url\" content=\"https:\/\/avselectronics.sviluppo.spherica.it\/fr\/a-propos-de-nous\/le-group\/\" \/>\n<meta property=\"og:site_name\" content=\"AVS Electronics\" \/>\n<meta property=\"article:modified_time\" content=\"2026-01-30T13:38:07+00:00\" \/>\n<meta property=\"og:image\" content=\"https:\/\/avselectronics.sviluppo.spherica.it\/wp-content\/uploads\/2025\/07\/noimage-760x460-1.png\" \/>\n\t<meta property=\"og:image:width\" content=\"760\" \/>\n\t<meta property=\"og:image:height\" content=\"460\" \/>\n\t<meta property=\"og:image:type\" content=\"image\/png\" \/>\n<meta name=\"twitter:card\" content=\"summary_large_image\" \/>\n<meta name=\"twitter:label1\" content=\"Dur\u00e9e de lecture estim\u00e9e\" \/>\n\t<meta name=\"twitter:data1\" content=\"2 minutes\" \/>\n<script type=\"application\/ld+json\" class=\"yoast-schema-graph\">{\"@context\":\"https:\/\/schema.org\",\"@graph\":[{\"@type\":\"WebPage\",\"@id\":\"https:\/\/avselectronics.sviluppo.spherica.it\/fr\/a-propos-de-nous\/le-group\/\",\"url\":\"https:\/\/avselectronics.sviluppo.spherica.it\/fr\/a-propos-de-nous\/le-group\/\",\"name\":\"Le group - AVS Electronics\",\"isPartOf\":{\"@id\":\"https:\/\/avselectronics.sviluppo.spherica.it\/fr\/#website\"},\"primaryImageOfPage\":{\"@id\":\"https:\/\/avselectronics.sviluppo.spherica.it\/fr\/a-propos-de-nous\/le-group\/#primaryimage\"},\"image\":{\"@id\":\"https:\/\/avselectronics.sviluppo.spherica.it\/fr\/a-propos-de-nous\/le-group\/#primaryimage\"},\"thumbnailUrl\":\"https:\/\/avselectronics.sviluppo.spherica.it\/wp-content\/uploads\/2025\/07\/noimage-760x460-1.png\",\"datePublished\":\"2025-07-03T09:49:50+00:00\",\"dateModified\":\"2026-01-30T13:38:07+00:00\",\"breadcrumb\":{\"@id\":\"https:\/\/avselectronics.sviluppo.spherica.it\/fr\/a-propos-de-nous\/le-group\/#breadcrumb\"},\"inLanguage\":\"fr-FR\",\"potentialAction\":[{\"@type\":\"ReadAction\",\"target\":[\"https:\/\/avselectronics.sviluppo.spherica.it\/fr\/a-propos-de-nous\/le-group\/\"]}]},{\"@type\":\"ImageObject\",\"inLanguage\":\"fr-FR\",\"@id\":\"https:\/\/avselectronics.sviluppo.spherica.it\/fr\/a-propos-de-nous\/le-group\/#primaryimage\",\"url\":\"https:\/\/avselectronics.sviluppo.spherica.it\/wp-content\/uploads\/2025\/07\/noimage-760x460-1.png\",\"contentUrl\":\"https:\/\/avselectronics.sviluppo.spherica.it\/wp-content\/uploads\/2025\/07\/noimage-760x460-1.png\",\"width\":760,\"height\":460},{\"@type\":\"BreadcrumbList\",\"@id\":\"https:\/\/avselectronics.sviluppo.spherica.it\/fr\/a-propos-de-nous\/le-group\/#breadcrumb\",\"itemListElement\":[{\"@type\":\"ListItem\",\"position\":1,\"name\":\"\",\"item\":\"https:\/\/avselectronics.sviluppo.spherica.it\/fr\/\"},{\"@type\":\"ListItem\",\"position\":2,\"name\":\"A propos de nous\",\"item\":\"https:\/\/avselectronics.sviluppo.spherica.it\/fr\/a-propos-de-nous\/\"},{\"@type\":\"ListItem\",\"position\":3,\"name\":\"Le group\"}]},{\"@type\":\"WebSite\",\"@id\":\"https:\/\/avselectronics.sviluppo.spherica.it\/fr\/#website\",\"url\":\"https:\/\/avselectronics.sviluppo.spherica.it\/fr\/\",\"name\":\"AVS Electronics\",\"description\":\"Sicuri e protetti. Sempre.\",\"publisher\":{\"@id\":\"https:\/\/avselectronics.sviluppo.spherica.it\/fr\/#organization\"},\"potentialAction\":[{\"@type\":\"SearchAction\",\"target\":{\"@type\":\"EntryPoint\",\"urlTemplate\":\"https:\/\/avselectronics.sviluppo.spherica.it\/fr\/?s={search_term_string}\"},\"query-input\":{\"@type\":\"PropertyValueSpecification\",\"valueRequired\":true,\"valueName\":\"search_term_string\"}}],\"inLanguage\":\"fr-FR\"},{\"@type\":\"Organization\",\"@id\":\"https:\/\/avselectronics.sviluppo.spherica.it\/fr\/#organization\",\"name\":\"AVS Electronics\",\"url\":\"https:\/\/avselectronics.sviluppo.spherica.it\/fr\/\",\"logo\":{\"@type\":\"ImageObject\",\"inLanguage\":\"fr-FR\",\"@id\":\"https:\/\/avselectronics.sviluppo.spherica.it\/fr\/#\/schema\/logo\/image\/\",\"url\":\"https:\/\/avselectronics.sviluppo.spherica.it\/wp-content\/uploads\/2025\/08\/AVS_logo.png\",\"contentUrl\":\"https:\/\/avselectronics.sviluppo.spherica.it\/wp-content\/uploads\/2025\/08\/AVS_logo.png\",\"width\":381,\"height\":179,\"caption\":\"AVS Electronics\"},\"image\":{\"@id\":\"https:\/\/avselectronics.sviluppo.spherica.it\/fr\/#\/schema\/logo\/image\/\"}}]}<\/script>\n<!-- \/ Yoast SEO plugin. -->","yoast_head_json":{"title":"Le group - AVS Electronics","robots":{"index":"noindex","follow":"follow","max-snippet":"max-snippet:-1","max-image-preview":"max-image-preview:large","max-video-preview":"max-video-preview:-1"},"og_locale":"fr_FR","og_type":"article","og_title":"Le group - AVS Electronics","og_description":"\u201cNous voulons garantir la plus grande continuit\u00e9 op\u00e9rationnelle, l\u2019automatisation domestique la plus moderne ainsi qu\u2019une s\u00e9curit\u00e9 civile et industrielle absolue.Nous \u0153uvrons pour proposer des solutions innovantes destin\u00e9es \u00e0 am\u00e9liorer concr\u00e8tement le travail et la vie de tous. Chaque jour, nous faisons progresser notre savoir-faire gr\u00e2ce \u00e0 des mises \u00e0 jour constantes des nouvelles technologies et [&hellip;]","og_url":"https:\/\/avselectronics.sviluppo.spherica.it\/fr\/a-propos-de-nous\/le-group\/","og_site_name":"AVS Electronics","article_modified_time":"2026-01-30T13:38:07+00:00","og_image":[{"width":760,"height":460,"url":"https:\/\/avselectronics.sviluppo.spherica.it\/wp-content\/uploads\/2025\/07\/noimage-760x460-1.png","type":"image\/png"}],"twitter_card":"summary_large_image","twitter_misc":{"Dur\u00e9e de lecture estim\u00e9e":"2 minutes"},"schema":{"@context":"https:\/\/schema.org","@graph":[{"@type":"WebPage","@id":"https:\/\/avselectronics.sviluppo.spherica.it\/fr\/a-propos-de-nous\/le-group\/","url":"https:\/\/avselectronics.sviluppo.spherica.it\/fr\/a-propos-de-nous\/le-group\/","name":"Le group - AVS Electronics","isPartOf":{"@id":"https:\/\/avselectronics.sviluppo.spherica.it\/fr\/#website"},"primaryImageOfPage":{"@id":"https:\/\/avselectronics.sviluppo.spherica.it\/fr\/a-propos-de-nous\/le-group\/#primaryimage"},"image":{"@id":"https:\/\/avselectronics.sviluppo.spherica.it\/fr\/a-propos-de-nous\/le-group\/#primaryimage"},"thumbnailUrl":"https:\/\/avselectronics.sviluppo.spherica.it\/wp-content\/uploads\/2025\/07\/noimage-760x460-1.png","datePublished":"2025-07-03T09:49:50+00:00","dateModified":"2026-01-30T13:38:07+00:00","breadcrumb":{"@id":"https:\/\/avselectronics.sviluppo.spherica.it\/fr\/a-propos-de-nous\/le-group\/#breadcrumb"},"inLanguage":"fr-FR","potentialAction":[{"@type":"ReadAction","target":["https:\/\/avselectronics.sviluppo.spherica.it\/fr\/a-propos-de-nous\/le-group\/"]}]},{"@type":"ImageObject","inLanguage":"fr-FR","@id":"https:\/\/avselectronics.sviluppo.spherica.it\/fr\/a-propos-de-nous\/le-group\/#primaryimage","url":"https:\/\/avselectronics.sviluppo.spherica.it\/wp-content\/uploads\/2025\/07\/noimage-760x460-1.png","contentUrl":"https:\/\/avselectronics.sviluppo.spherica.it\/wp-content\/uploads\/2025\/07\/noimage-760x460-1.png","width":760,"height":460},{"@type":"BreadcrumbList","@id":"https:\/\/avselectronics.sviluppo.spherica.it\/fr\/a-propos-de-nous\/le-group\/#breadcrumb","itemListElement":[{"@type":"ListItem","position":1,"name":"","item":"https:\/\/avselectronics.sviluppo.spherica.it\/fr\/"},{"@type":"ListItem","position":2,"name":"A propos de nous","item":"https:\/\/avselectronics.sviluppo.spherica.it\/fr\/a-propos-de-nous\/"},{"@type":"ListItem","position":3,"name":"Le group"}]},{"@type":"WebSite","@id":"https:\/\/avselectronics.sviluppo.spherica.it\/fr\/#website","url":"https:\/\/avselectronics.sviluppo.spherica.it\/fr\/","name":"AVS Electronics","description":"Sicuri e protetti. Sempre.","publisher":{"@id":"https:\/\/avselectronics.sviluppo.spherica.it\/fr\/#organization"},"potentialAction":[{"@type":"SearchAction","target":{"@type":"EntryPoint","urlTemplate":"https:\/\/avselectronics.sviluppo.spherica.it\/fr\/?s={search_term_string}"},"query-input":{"@type":"PropertyValueSpecification","valueRequired":true,"valueName":"search_term_string"}}],"inLanguage":"fr-FR"},{"@type":"Organization","@id":"https:\/\/avselectronics.sviluppo.spherica.it\/fr\/#organization","name":"AVS Electronics","url":"https:\/\/avselectronics.sviluppo.spherica.it\/fr\/","logo":{"@type":"ImageObject","inLanguage":"fr-FR","@id":"https:\/\/avselectronics.sviluppo.spherica.it\/fr\/#\/schema\/logo\/image\/","url":"https:\/\/avselectronics.sviluppo.spherica.it\/wp-content\/uploads\/2025\/08\/AVS_logo.png","contentUrl":"https:\/\/avselectronics.sviluppo.spherica.it\/wp-content\/uploads\/2025\/08\/AVS_logo.png","width":381,"height":179,"caption":"AVS Electronics"},"image":{"@id":"https:\/\/avselectronics.sviluppo.spherica.it\/fr\/#\/schema\/logo\/image\/"}}]}},"_links":{"self":[{"href":"https:\/\/avselectronics.sviluppo.spherica.it\/fr\/wp-json\/wp\/v2\/pages\/6421","targetHints":{"allow":["GET"]}}],"collection":[{"href":"https:\/\/avselectronics.sviluppo.spherica.it\/fr\/wp-json\/wp\/v2\/pages"}],"about":[{"href":"https:\/\/avselectronics.sviluppo.spherica.it\/fr\/wp-json\/wp\/v2\/types\/page"}],"author":[{"embeddable":true,"href":"https:\/\/avselectronics.sviluppo.spherica.it\/fr\/wp-json\/wp\/v2\/users\/1"}],"replies":[{"embeddable":true,"href":"https:\/\/avselectronics.sviluppo.spherica.it\/fr\/wp-json\/wp\/v2\/comments?post=6421"}],"version-history":[{"count":4,"href":"https:\/\/avselectronics.sviluppo.spherica.it\/fr\/wp-json\/wp\/v2\/pages\/6421\/revisions"}],"predecessor-version":[{"id":7753,"href":"https:\/\/avselectronics.sviluppo.spherica.it\/fr\/wp-json\/wp\/v2\/pages\/6421\/revisions\/7753"}],"up":[{"embeddable":true,"href":"https:\/\/avselectronics.sviluppo.spherica.it\/fr\/wp-json\/wp\/v2\/pages\/6501"}],"wp:featuredmedia":[{"embeddable":true,"href":"https:\/\/avselectronics.sviluppo.spherica.it\/fr\/wp-json\/wp\/v2\/media\/1302"}],"wp:attachment":[{"href":"https:\/\/avselectronics.sviluppo.spherica.it\/fr\/wp-json\/wp\/v2\/media?parent=6421"}],"curies":[{"name":"wp","href":"https:\/\/api.w.org\/{rel}","templated":true}]}}